{"id":2171,"date":"2020-02-06T14:29:10","date_gmt":"2020-02-06T13:29:10","guid":{"rendered":"https:\/\/test.iapa.cc\/?page_id=2171"},"modified":"2024-10-01T11:34:13","modified_gmt":"2024-10-01T09:34:13","slug":"iapa-innovation-award-winners","status":"publish","type":"page","link":"https:\/\/iapa.cc\/en\/iapa-innovation-award-winners\/","title":{"rendered":"IAPA Innovation Award Winners"},"content":{"rendered":"<p>[et_pb_section fb_built=&#8221;1&#8243; admin_label=&#8221;Contact Info&#8221; _builder_version=&#8221;4.16&#8243; background_image=&#8221;https:\/\/www.iapa.cc\/wp-content\/uploads\/2019\/07\/Fotolia_62139086_S.jpg&#8221; min_height=&#8221;323px&#8221; custom_padding=&#8221;110px||110px|&#8221; da_disable_devices=&#8221;off|off|off&#8221; locked=&#8221;off&#8221; global_colors_info=&#8221;{}&#8221; da_is_popup=&#8221;off&#8221; da_exit_intent=&#8221;off&#8221; da_has_close=&#8221;on&#8221; da_alt_close=&#8221;off&#8221; da_dark_close=&#8221;off&#8221; da_not_modal=&#8221;on&#8221; da_is_singular=&#8221;off&#8221; da_with_loader=&#8221;off&#8221; da_has_shadow=&#8221;on&#8221;][\/et_pb_section][et_pb_section fb_built=&#8221;1&#8243; _builder_version=&#8221;4.16&#8243; min_height=&#8221;194px&#8221; da_disable_devices=&#8221;off|off|off&#8221; global_colors_info=&#8221;{}&#8221; da_is_popup=&#8221;off&#8221; da_exit_intent=&#8221;off&#8221; da_has_close=&#8221;on&#8221; da_alt_close=&#8221;off&#8221; da_dark_close=&#8221;off&#8221; da_not_modal=&#8221;on&#8221; da_is_singular=&#8221;off&#8221; da_with_loader=&#8221;off&#8221; da_has_shadow=&#8221;on&#8221;][et_pb_row use_custom_gutter=&#8221;on&#8221; make_equal=&#8221;on&#8221; _builder_version=&#8221;4.16&#8243; global_colors_info=&#8221;{}&#8221;][et_pb_column type=&#8221;4_4&#8243; _builder_version=&#8221;4.16&#8243; global_colors_info=&#8221;{}&#8221;][et_pb_text admin_label=&#8221;Title&#8221; _builder_version=&#8221;4.16&#8243; text_font=&#8221;||||&#8221; text_text_color=&#8221;#1a1a1a&#8221; header_font=&#8221;Oswald|on||on|&#8221; header_text_align=&#8221;left&#8221; header_font_size=&#8221;60px&#8221; header_line_height=&#8221;1.3em&#8221; background_size=&#8221;initial&#8221; background_position=&#8221;top_left&#8221; background_repeat=&#8221;repeat&#8221; max_width=&#8221;927px&#8221; custom_margin=&#8221;|||&#8221; custom_padding=&#8221;|||&#8221; animation_style=&#8221;slide&#8221; animation_direction=&#8221;top&#8221; animation_intensity_slide=&#8221;10%&#8221; locked=&#8221;off&#8221; global_colors_info=&#8221;{}&#8221;]<\/p>\n<h1>IAPA INNOVATION AWARD<\/h1>\n<p>[\/et_pb_text][et_pb_divider color=&#8221;#426a3c&#8221; divider_position=&#8221;center&#8221; divider_weight=&#8221;3px&#8221; disabled_on=&#8221;off|off|off%22&#8243; _builder_version=&#8221;4.16&#8243; max_width=&#8221;150px&#8221; height=&#8221;false&#8221; custom_margin=&#8221;30px|||&#8221; animation_style=&#8221;slide&#8221; animation_direction=&#8221;top&#8221; animation_delay=&#8221;100ms&#8221; animation_intensity_slide=&#8221;10%&#8221; locked=&#8221;off&#8221; global_colors_info=&#8221;{}&#8221;][\/et_pb_divider][et_pb_text _builder_version=&#8221;4.16&#8243; text_font=&#8221;||||||||&#8221; text_font_size=&#8221;19px&#8221; header_font=&#8221;||||||||&#8221; custom_padding=&#8221;||0px|||&#8221; text_text_align=&#8221;left&#8221; global_colors_info=&#8221;{}&#8221;]<\/p>\n<h3><strong>Congratulation to all IAPA Innovation Award winners:<\/strong><\/h3>\n<p>&nbsp;<\/p>\n<p>&nbsp;<\/p>\n<h3><strong><\/strong><\/h3>\n<h3><strong><\/strong><\/h3>\n<h3><strong>2<\/strong><strong>023:<\/strong><\/h3>\n<ul>\n<li>\n<div class=\"page\" title=\"Page 1\">\n<div class=\"section\">\n<div class=\"layoutArea\">\n<div class=\"column\">\n<p><span>NET ISLANDS MADE OF TRAMPOLINE CLOTH <\/span><b class=\"\" style=\"font-size: 19px;\">\u2013 <\/b>The innovation for free spaces<span style=\"font-size: 19px;\">, <\/span><a href=\"https:\/\/cambium-gmbh.de\/produkte\/entdecken\/theming\/\" style=\"font-size: 19px;\">Thomas Gradl &amp; Faszinatour GmbH,<\/a><span style=\"font-size: 19px;\"> Garmisch-Partenkirchen &amp; Immenstadt im Allg\u00e4u<\/span><\/p>\n<\/div>\n<\/div>\n<\/div>\n<\/div>\n<\/li>\n<\/ul>\n<h3><\/h3>\n<h3><strong>2<\/strong><strong>021:<\/strong><\/h3>\n<ul>\n<li>Best PROJECT: &#8221;\u00a0 SHAPING-NATURE-EXPERIENCE.DE: Neues Gewand f\u00fcr den Kletterwald Marburg &#8220;, <a href=\"https:\/\/cambium-gmbh.de\/\">Cambium GmbH,<\/a> Leutkirch im Allg\u00e4u<\/li>\n<li>Best PRODUCT: &#8220;T-Power Compact End<b>: <\/b>Die sichere und zertifizierte Endverbindung f\u00fcr Drahtseile&#8221;, <a href=\"https:\/\/www.tecklenborg-kegel.de\/\">Tecklenborg, Kegel GmbH<\/a>, Bremerhaven<\/li>\n<li>Best IT-SOLUTION: &#8220;Pfadfinder-App &#8211; Kann die Natur die IT schlagen&#8221;; <a href=\"https:\/\/experience-solutions.de\/\">Experience Solutions<\/a>, Mainz<\/li>\n<\/ul>\n<h3><strong>2019:<\/strong><\/h3>\n<ul>\n<li>Best PRODUCT: &#8220;C-PASS &#8211; Kommunizierendes Steuersystem f\u00fcr Ziplines und 1-Mann-Passagen&#8221;; <a href=\"http:\/\/www.clic-it.eu\" target=\"_blank\" rel=\"noopener noreferrer\">CliC-iT<\/a> France<\/li>\n<li>Best IT-SOLUTION: &#8220;ParkUpKeep &#8211; Adventure Park Inspection, Maintenance and Reporting Software&#8221;;\u00a0<a href=\"https:\/\/www.parkupkeep.eu\/\" target=\"_blank\" rel=\"noopener noreferrer\">ParkUpKeep<\/a>, CODEUX, The Netherlands<\/li>\n<\/ul>\n<h3><strong>2018:<\/strong><\/h3>\n<ul>\n<li>Best DESIGN: &#8220;RADIALIS PRO ADJUST &#8211; innovativer Hochseilgartengurt&#8221;; <a href=\"https:\/\/www.edelrid.de\/\" target=\"_blank\" rel=\"noopener noreferrer\">EDELRID GmbH &amp; Co. KG<\/a>, Achener Weg 66, 88316 Isny<\/li>\n<li>Best PRODUCT: &#8220;T-POWER FIX POINT &#8211; Der mitwachsende Anschlagpunkt&#8221;; <a href=\"http:\/\/www.tecklenborg-kegel.de\/\" target=\"_blank\" rel=\"noopener noreferrer\">Tecklenborg, Kegel GmbH<\/a>, Bremerhaven<\/li>\n<li>Best IT-SOLUTION: &#8220;TEAMERBASE.DE &#8211; Die All-in-one-L\u00f6sung mit dem Sicherheits-Plus f\u00fcr Kletterw\u00e4lder und Hochseilg\u00e4rten&#8221;; Carsten Bondzio <a href=\"http:\/\/www.teamerbase.de\/\" target=\"_blank\" rel=\"noopener noreferrer\">www.teamerbase.de<\/a><\/li>\n<\/ul>\n<h3><strong>2017:<\/strong><\/h3>\n<ul>\n<li>Best DESIGN: &#8220;Monkey Set &#8220;Perfect&#8221; &#8211; bis zu 10 Kletterrouten am Baum&#8221;; Franz J. M\u00fcller, <a href=\"https:\/\/www.monkeyhardware.com\/\" target=\"_blank\" rel=\"noopener noreferrer\">Monkey Hardware GmbH<\/a>, 66879 Reichenbach-Steegen<\/li>\n<li>Best PROJECT: &#8220;Giga-Swing &#8211; 75 Meter im freien Fall (\u00fcber offener Gew\u00e4sserfl\u00e4che)&#8221;; Werner Wechsel, <a href=\"https:\/\/www.hochkant.de\/startseite.html\" target=\"_blank\" rel=\"noopener noreferrer\">hochkant GmbH<\/a>, 88167 Gestratz-Brugg (Allg\u00e4u)<\/li>\n<li>Best PRODUCT: &#8220;The SWIVEL&#8221;, <a href=\"http:\/\/www.coudoupro.com\/\" target=\"_blank\" rel=\"noopener noreferrer\">COUDOUPRO<\/a><\/li>\n<\/ul>\n<h3><strong>2016:<\/strong><\/h3>\n<ul>\n<li>Best DESIGN: &#8220;A zipline fit for a crown prince &#8211; Flying through the world&#8217;s biggest water fountain&#8221;; Philipp Strasser, <a href=\"http:\/\/www.outdoorconcept.at\/overhead\/index.htm\" target=\"_blank\" rel=\"noopener noreferrer\">outdoorconcept<\/a>, Wien<\/li>\n<li>Best PROJECT: &#8220;Treewalk in Rotorua \/ Neuseeland&#8221;, <a href=\"http:\/\/www.xn--trume-in-bumen-6hbi.de\/\" target=\"_blank\" rel=\"noopener noreferrer\">Cambium GmbH<\/a> in Kisslegg<\/li>\n<li>Best PRODUCT: &#8220;CLiC-iT Adventure KIDS&#8221;; Thierry Dehondt, <a href=\"http:\/\/www.clic-it.eu\/fr\/\" target=\"_blank\" rel=\"noopener noreferrer\">CLiC-iT &#8211; SARL Dehondt<\/a>, Reims &#8211; France<\/li>\n<\/ul>\n<h3><strong>2015:<\/strong><\/h3>\n<ul>\n<li>Best DESIGN: <a href=\"http:\/\/www.edelweiss-ropes.com\/\" target=\"_blank\" rel=\"noopener noreferrer\">Edelweiss &#8211; Helm Vertige<\/a><\/li>\n<li>Best PROJECT: <a href=\"http:\/\/kristallturm.com\/\" target=\"_blank\" rel=\"noopener noreferrer\">Kristallturm &#8211; Nashville, USA<\/a><\/li>\n<li>Best PRODUCT: <a href=\"http:\/\/www.cambium-gmbh.de\/\" target=\"_blank\" rel=\"noopener noreferrer\">Cambium &#8211; safefox<\/a><\/li>\n<\/ul>\n<p>[\/et_pb_text][\/et_pb_column][\/et_pb_row][\/et_pb_section]<\/p>\n","protected":false},"excerpt":{"rendered":"<p>IAPA INNOVATION AWARD Congratulation to all IAPA Innovation Award winners: &nbsp; &nbsp; 2023: NET ISLANDS MADE OF TRAMPOLINE CLOTH \u2013 The innovation for free spaces, Thomas Gradl &amp; Faszinatour GmbH, Garmisch-Partenkirchen &amp; Immenstadt im Allg\u00e4u 2021: Best PROJECT: &#8221;\u00a0 SHAPING-NATURE-EXPERIENCE.DE: Neues Gewand f\u00fcr den Kletterwald Marburg &#8220;, Cambium GmbH, Leutkirch im Allg\u00e4u Best PRODUCT: &#8220;T-Power [&hellip;]<\/p>\n","protected":false},"author":1,"featured_media":0,"parent":0,"menu_order":5,"comment_status":"closed","ping_status":"closed","template":"","meta":{"_et_pb_use_builder":"on","_et_pb_old_content":"","_et_gb_content_width":"","footnotes":""},"class_list":["post-2171","page","type-page","status-publish","hentry"],"_links":{"self":[{"href":"https:\/\/iapa.cc\/en\/wp-json\/wp\/v2\/pages\/2171","targetHints":{"allow":["GET"]}}],"collection":[{"href":"https:\/\/iapa.cc\/en\/wp-json\/wp\/v2\/pages"}],"about":[{"href":"https:\/\/iapa.cc\/en\/wp-json\/wp\/v2\/types\/page"}],"author":[{"embeddable":true,"href":"https:\/\/iapa.cc\/en\/wp-json\/wp\/v2\/users\/1"}],"replies":[{"embeddable":true,"href":"https:\/\/iapa.cc\/en\/wp-json\/wp\/v2\/comments?post=2171"}],"version-history":[{"count":3,"href":"https:\/\/iapa.cc\/en\/wp-json\/wp\/v2\/pages\/2171\/revisions"}],"predecessor-version":[{"id":9002,"href":"https:\/\/iapa.cc\/en\/wp-json\/wp\/v2\/pages\/2171\/revisions\/9002"}],"wp:attachment":[{"href":"https:\/\/iapa.cc\/en\/wp-json\/wp\/v2\/media?parent=2171"}],"curies":[{"name":"wp","href":"https:\/\/api.w.org\/{rel}","templated":true}]}}