{"id":43,"date":"2019-07-12T10:24:42","date_gmt":"2019-07-12T08:24:42","guid":{"rendered":"https:\/\/test.iapa.cc\/?page_id=43"},"modified":"2025-12-08T18:00:11","modified_gmt":"2025-12-08T17:00:11","slug":"ausbildungskonzept","status":"publish","type":"page","link":"https:\/\/iapa.cc\/en\/training\/ausbildungskonzept\/","title":{"rendered":"IAPA Ausbildungskonzept"},"content":{"rendered":"<p>[et_pb_section fb_built=&#8221;1&#8243; admin_label=&#8221;Contact Info&#8221; _builder_version=&#8221;4.16&#8243; background_image=&#8221;https:\/\/iapa.cc\/wp-content\/uploads\/2019\/07\/Fotolia_62139086_S.jpg&#8221; background_position=&#8221;center_right&#8221; min_height=&#8221;323px&#8221; custom_padding=&#8221;110px||110px|&#8221; da_disable_devices=&#8221;off|off|off&#8221; locked=&#8221;off&#8221; global_colors_info=&#8221;{}&#8221; da_is_popup=&#8221;off&#8221; da_exit_intent=&#8221;off&#8221; da_has_close=&#8221;on&#8221; da_alt_close=&#8221;off&#8221; da_dark_close=&#8221;off&#8221; da_not_modal=&#8221;on&#8221; da_is_singular=&#8221;off&#8221; da_with_loader=&#8221;off&#8221; da_has_shadow=&#8221;on&#8221;][\/et_pb_section][et_pb_section fb_built=&#8221;1&#8243; _builder_version=&#8221;4.16&#8243; min_height=&#8221;154px&#8221; da_disable_devices=&#8221;off|off|off&#8221; global_colors_info=&#8221;{}&#8221; da_is_popup=&#8221;off&#8221; da_exit_intent=&#8221;off&#8221; da_has_close=&#8221;on&#8221; da_alt_close=&#8221;off&#8221; da_dark_close=&#8221;off&#8221; da_not_modal=&#8221;on&#8221; da_is_singular=&#8221;off&#8221; da_with_loader=&#8221;off&#8221; da_has_shadow=&#8221;on&#8221;][et_pb_row use_custom_gutter=&#8221;on&#8221; make_equal=&#8221;on&#8221; _builder_version=&#8221;4.16&#8243; global_colors_info=&#8221;{}&#8221;][et_pb_column type=&#8221;4_4&#8243; _builder_version=&#8221;4.16&#8243; global_colors_info=&#8221;{}&#8221;][et_pb_text admin_label=&#8221;Title&#8221; _builder_version=&#8221;4.16&#8243; text_font=&#8221;||||&#8221; text_text_color=&#8221;#1a1a1a&#8221; header_font=&#8221;Oswald|on||on|&#8221; header_text_align=&#8221;left&#8221; header_font_size=&#8221;60px&#8221; header_line_height=&#8221;1.3em&#8221; background_size=&#8221;initial&#8221; background_position=&#8221;top_left&#8221; background_repeat=&#8221;repeat&#8221; max_width=&#8221;993px&#8221; custom_margin=&#8221;|||&#8221; custom_padding=&#8221;|0px||||&#8221; animation_style=&#8221;slide&#8221; animation_direction=&#8221;top&#8221; animation_intensity_slide=&#8221;10%&#8221; locked=&#8221;off&#8221; global_colors_info=&#8221;{}&#8221;]<\/p>\n<h1>IAPA AUSBILDUNGSKONZEPT<\/h1>\n<p>[\/et_pb_text][et_pb_divider color=&#8221;#00395b&#8221; divider_position=&#8221;center&#8221; divider_weight=&#8221;3px&#8221; disabled_on=&#8221;off|off|off%22&#8243; _builder_version=&#8221;4.16&#8243; max_width=&#8221;150px&#8221; height=&#8221;false&#8221; custom_margin=&#8221;30px|||&#8221; animation_style=&#8221;slide&#8221; animation_direction=&#8221;top&#8221; animation_delay=&#8221;100ms&#8221; animation_intensity_slide=&#8221;10%&#8221; locked=&#8221;off&#8221; global_colors_info=&#8221;{}&#8221;][\/et_pb_divider][et_pb_text _builder_version=&#8221;4.27.5&#8243; text_font=&#8221;||||||||&#8221; text_font_size=&#8221;19px&#8221; header_font=&#8221;||||||||&#8221; custom_padding=&#8221;||0px|||&#8221; text_text_align=&#8221;left&#8221; global_colors_info=&#8221;{}&#8221;]<\/p>\n<p>Das Ausbildungskonzept der IAPA folgt einem klaren Stufenmodell. Es erm\u00f6glicht zertifizierten IAPA-Trainern, in ihren eigenen Anlagen selbst Betreuer, Retter und Toprope Belayer auszubilden und zu zertifizieren.<\/p>\n<p>IAPA-zertifizierte Sicherheitsmanager verf\u00fcgen \u00fcber das notwendige Fachwissen und die passenden Werkzeuge, um ihre Anlagen sicherheitstechnisch zu betreuen und verantwortungsvoll zu leiten.<\/p>\n<p>Mit der PSA-Sachkunde nach DGUV Grundsatz 312-906 erwerben Teilnehmende die Kenntnisse, um den arbeitssicheren Zustand sowie die sachgerechte Anwendung von Pers\u00f6nlicher Schutzausr\u00fcstung gegen Absturz (PSAgA) beurteilen zu k\u00f6nnen. Seit 2022 sind wir hierf\u00fcr offizieller Partner der edelrid-Academy.<\/p>\n<p>Das Ausbildungsangebot wird durch das Drahtseilsachkunde-Seminar sowie die Sachkunde f\u00fcr die Pr\u00fcfung von Lastaufnahmeeinrichtungen (LAM) erg\u00e4nzt. F\u00fcr diese Seminare konnten wir erfahrene Referenten der Firmen Tecklenborg, Kegel GmbH sowie Thomas Gradl in seiner Funktion als Inspektor gewinnen.<\/p>\n<p>Die Schulungen f\u00fcr IAPA-Trainer, Sicherheitsmanager und PSA-Sachkunde finden regelm\u00e4\u00dfig in den IAPA Akademien statt. Das Drahtseilsachkunde-Seminar sowie die LAM-Sachkunde werden auf Anfrage und bei ausreichender Teilnehmerzahl durchgef\u00fchrt.<\/p>\n<p>IAPA-Ausbildungen stehen f\u00fcr h\u00f6chste Qualit\u00e4t, Sicherheit und Aktualit\u00e4t.<\/p>\n<p>[\/et_pb_text][\/et_pb_column][\/et_pb_row][et_pb_row column_structure=&#8221;2_3,1_3&#8243; _builder_version=&#8221;4.16&#8243; global_colors_info=&#8221;{}&#8221;][et_pb_column type=&#8221;2_3&#8243; _builder_version=&#8221;4.16&#8243; global_colors_info=&#8221;{}&#8221;][et_pb_button button_url=&#8221;\/training\/ausbildungstermine\/&#8221; url_new_window=&#8221;on&#8221; button_text=&#8221;HIER GEHT ES ZU DEN IAPA AUSBILDUNGSTERMINEN&#8221; button_alignment=&#8221;left&#8221; _builder_version=&#8221;4.16&#8243; custom_button=&#8221;on&#8221; button_text_size=&#8221;19px&#8221; button_text_color=&#8221;#ffffff&#8221; button_bg_color=&#8221;#00395b&#8221; button_border_width=&#8221;0px&#8221; button_font=&#8221;||||||||&#8221; button_icon=&#8221;&#x24;||divi||400&#8243; button_icon_color=&#8221;#ffffff&#8221; button_on_hover=&#8221;off&#8221; global_colors_info=&#8221;{}&#8221;][\/et_pb_button][\/et_pb_column][et_pb_column type=&#8221;1_3&#8243; _builder_version=&#8221;4.16&#8243; global_colors_info=&#8221;{}&#8221;][\/et_pb_column][\/et_pb_row][\/et_pb_section][et_pb_section fb_built=&#8221;1&#8243; _builder_version=&#8221;4.16&#8243; min_height=&#8221;691px&#8221; da_disable_devices=&#8221;off|off|off&#8221; global_colors_info=&#8221;{}&#8221; da_is_popup=&#8221;off&#8221; da_exit_intent=&#8221;off&#8221; da_has_close=&#8221;on&#8221; da_alt_close=&#8221;off&#8221; da_dark_close=&#8221;off&#8221; da_not_modal=&#8221;on&#8221; da_is_singular=&#8221;off&#8221; da_with_loader=&#8221;off&#8221; da_has_shadow=&#8221;on&#8221;][et_pb_row column_structure=&#8221;1_2,1_2&#8243; _builder_version=&#8221;4.27.5&#8243; _module_preset=&#8221;default&#8221; global_colors_info=&#8221;{}&#8221;][et_pb_column type=&#8221;1_2&#8243; _builder_version=&#8221;4.27.5&#8243; _module_preset=&#8221;default&#8221; global_colors_info=&#8221;{}&#8221;][et_pb_image src=&#8221;https:\/\/iapa.cc\/wp-content\/uploads\/2024\/04\/IAPA_Ausbildungstruktur_2024_LEVEL.png&#8221; title_text=&#8221;IAPA_Ausbildungstruktur_2024_LEVEL&#8221; _builder_version=&#8221;4.27.5&#8243; _module_preset=&#8221;default&#8221; global_colors_info=&#8221;{}&#8221;][\/et_pb_image][\/et_pb_column][et_pb_column type=&#8221;1_2&#8243; _builder_version=&#8221;4.27.5&#8243; _module_preset=&#8221;default&#8221; global_colors_info=&#8221;{}&#8221;][et_pb_image src=&#8221;https:\/\/iapa.cc\/wp-content\/uploads\/2024\/02\/IAPA_Ausbildungstruktur_2024_FORTBILDUNGEN.png&#8221; title_text=&#8221;IAPA_Ausbildungstruktur_2024_FORTBILDUNGEN&#8221; _builder_version=&#8221;4.27.5&#8243; _module_preset=&#8221;default&#8221; global_colors_info=&#8221;{}&#8221;][\/et_pb_image][\/et_pb_column][\/et_pb_row][\/et_pb_section]<\/p>\n","protected":false},"excerpt":{"rendered":"<p>IAPA AUSBILDUNGSKONZEPTDas Ausbildungskonzept der IAPA folgt einem klaren Stufenmodell. Es erm\u00f6glicht zertifizierten IAPA-Trainern, in ihren eigenen Anlagen selbst Betreuer, Retter und Toprope Belayer auszubilden und zu zertifizieren. IAPA-zertifizierte Sicherheitsmanager verf\u00fcgen \u00fcber das notwendige Fachwissen und die passenden Werkzeuge, um ihre Anlagen sicherheitstechnisch zu betreuen und verantwortungsvoll zu leiten. Mit der PSA-Sachkunde nach DGUV Grundsatz 312-906 [&hellip;]<\/p>\n","protected":false},"author":120,"featured_media":0,"parent":42,"menu_order":0,"comment_status":"closed","ping_status":"closed","template":"","meta":{"_et_pb_use_builder":"on","_et_pb_old_content":"","_et_gb_content_width":"","footnotes":""},"class_list":["post-43","page","type-page","status-publish","hentry"],"_links":{"self":[{"href":"https:\/\/iapa.cc\/en\/wp-json\/wp\/v2\/pages\/43","targetHints":{"allow":["GET"]}}],"collection":[{"href":"https:\/\/iapa.cc\/en\/wp-json\/wp\/v2\/pages"}],"about":[{"href":"https:\/\/iapa.cc\/en\/wp-json\/wp\/v2\/types\/page"}],"author":[{"embeddable":true,"href":"https:\/\/iapa.cc\/en\/wp-json\/wp\/v2\/users\/120"}],"replies":[{"embeddable":true,"href":"https:\/\/iapa.cc\/en\/wp-json\/wp\/v2\/comments?post=43"}],"version-history":[{"count":12,"href":"https:\/\/iapa.cc\/en\/wp-json\/wp\/v2\/pages\/43\/revisions"}],"predecessor-version":[{"id":10563,"href":"https:\/\/iapa.cc\/en\/wp-json\/wp\/v2\/pages\/43\/revisions\/10563"}],"up":[{"embeddable":true,"href":"https:\/\/iapa.cc\/en\/wp-json\/wp\/v2\/pages\/42"}],"wp:attachment":[{"href":"https:\/\/iapa.cc\/en\/wp-json\/wp\/v2\/media?parent=43"}],"curies":[{"name":"wp","href":"https:\/\/api.w.org\/{rel}","templated":true}]}}