{"id":46,"date":"2019-07-12T10:24:42","date_gmt":"2019-07-12T08:24:42","guid":{"rendered":"https:\/\/test.iapa.cc\/?page_id=46"},"modified":"2023-04-12T10:26:20","modified_gmt":"2023-04-12T08:26:20","slug":"iapa-betreuer","status":"publish","type":"page","link":"https:\/\/iapa.cc\/en\/training\/ausbildungskonzept\/iapa-betreuer\/","title":{"rendered":"IAPA Betreuer"},"content":{"rendered":"<p>[et_pb_section fb_built=&#8221;1&#8243; admin_label=&#8221;Contact Info&#8221; _builder_version=&#8221;4.16&#8243; background_image=&#8221;https:\/\/iapa.cc\/wp-content\/uploads\/2019\/07\/Fotolia_62139086_S.jpg&#8221; background_position=&#8221;center_right&#8221; min_height=&#8221;323px&#8221; custom_padding=&#8221;110px||110px|&#8221; locked=&#8221;off&#8221; global_colors_info=&#8221;{}&#8221; da_is_popup=&#8221;off&#8221; da_exit_intent=&#8221;off&#8221; da_has_close=&#8221;on&#8221; da_alt_close=&#8221;off&#8221; da_dark_close=&#8221;off&#8221; da_not_modal=&#8221;on&#8221; da_is_singular=&#8221;off&#8221; da_with_loader=&#8221;off&#8221; da_has_shadow=&#8221;on&#8221; da_disable_devices=&#8221;off|off|off&#8221;][\/et_pb_section][et_pb_section fb_built=&#8221;1&#8243; _builder_version=&#8221;4.16&#8243; min_height=&#8221;154px&#8221; global_colors_info=&#8221;{}&#8221; da_is_popup=&#8221;off&#8221; da_exit_intent=&#8221;off&#8221; da_has_close=&#8221;on&#8221; da_alt_close=&#8221;off&#8221; da_dark_close=&#8221;off&#8221; da_not_modal=&#8221;on&#8221; da_is_singular=&#8221;off&#8221; da_with_loader=&#8221;off&#8221; da_has_shadow=&#8221;on&#8221; da_disable_devices=&#8221;off|off|off&#8221;][et_pb_row use_custom_gutter=&#8221;on&#8221; make_equal=&#8221;on&#8221; _builder_version=&#8221;4.16&#8243; global_colors_info=&#8221;{}&#8221;][et_pb_column type=&#8221;4_4&#8243; _builder_version=&#8221;4.16&#8243; global_colors_info=&#8221;{}&#8221;][et_pb_text admin_label=&#8221;Title&#8221; _builder_version=&#8221;4.16&#8243; text_font=&#8221;||||&#8221; text_text_color=&#8221;#1a1a1a&#8221; header_font=&#8221;Oswald|on||on|&#8221; header_text_align=&#8221;left&#8221; header_font_size=&#8221;60px&#8221; header_line_height=&#8221;1.3em&#8221; background_size=&#8221;initial&#8221; background_position=&#8221;top_left&#8221; background_repeat=&#8221;repeat&#8221; max_width=&#8221;927px&#8221; custom_margin=&#8221;|||&#8221; custom_padding=&#8221;|||&#8221; animation_style=&#8221;slide&#8221; animation_direction=&#8221;top&#8221; animation_intensity_slide=&#8221;10%&#8221; locked=&#8221;off&#8221; global_colors_info=&#8221;{}&#8221;]<\/p>\n<h1>AUSBILDUNG ZUM IAPA BETREUER<\/h1>\n<p>[\/et_pb_text][et_pb_divider color=&#8221;#00395b&#8221; divider_position=&#8221;center&#8221; divider_weight=&#8221;3px&#8221; disabled_on=&#8221;off|off|off%22&#8243; _builder_version=&#8221;4.16&#8243; max_width=&#8221;150px&#8221; height=&#8221;false&#8221; custom_margin=&#8221;30px|||&#8221; animation_style=&#8221;slide&#8221; animation_direction=&#8221;top&#8221; animation_delay=&#8221;100ms&#8221; animation_intensity_slide=&#8221;10%&#8221; locked=&#8221;off&#8221; global_colors_info=&#8221;{}&#8221;][\/et_pb_divider][et_pb_text _builder_version=&#8221;4.19.5&#8243; text_font=&#8221;||||||||&#8221; text_font_size=&#8221;19px&#8221; header_font=&#8221;||||||||&#8221; custom_margin=&#8221;||40px|||&#8221; custom_padding=&#8221;||0px|||&#8221; hover_enabled=&#8221;0&#8243; text_text_align=&#8221;left&#8221; global_colors_info=&#8221;{}&#8221; sticky_enabled=&#8221;0&#8243;]<\/p>\n<p>Der IAPA Betreuer ist die erste Stufe zum Einstieg in das sehr spannende Arbeitsfeld der Abenteuerparks und Hochseilg\u00e4rten. In der t\u00e4glichen Arbeit stehst Du im st\u00e4ndigen Kontakt mit G\u00e4sten und Teilnehmern, weist diese in die Sicherheitstechnik ein und \u00fcbernimmst weitere vielf\u00e4ltige Aufgaben bis hin zur Unterst\u00fctzung von Rettungen.<\/p>\n<p>Die Grundausbildung eines IAPA Betreuers dauert mindestens 30 Unterrichtseinheiten \u00e0 45 Minuten.<br \/>Die Ausbildung f\u00fchrt ein zertifizierter IAPA Trainer in der eigenen Anlage durch.<\/p>\n<p>[\/et_pb_text][et_pb_text _builder_version=&#8221;4.16&#8243; text_font=&#8221;||||||||&#8221; text_font_size=&#8221;19px&#8221; header_font=&#8221;||||||||&#8221; custom_padding=&#8221;||0px|||&#8221; hover_enabled=&#8221;0&#8243; text_text_align=&#8221;left&#8221; global_colors_info=&#8221;{}&#8221; sticky_enabled=&#8221;0&#8243;]<\/p>\n<p><strong>Voraussetzungen:<\/strong><\/p>\n<ul>\n<li>Nachweis \u00fcber Erste Hilfe (9 UE).<\/li>\n<li>Mindestalter 16 Jahre.<\/li>\n<li>Der Ausbildungsteilnehmer beherrscht die Sprache, mit der im Abenteuerpark haupts\u00e4chlich gearbeitet wird &#8211; in Wort und Schrift.<\/li>\n<li>Der Ausbildungsteilnehmer zeigt keine Anzeichen f\u00fcr den Missbrauch von Rauschmitteln.<\/li>\n<li>Der Ausbildungsteilnehmer ist im Allgemeinen in guter k\u00f6rperlicher und geistiger Verfassung.<\/li>\n<\/ul>\n<p>[\/et_pb_text][et_pb_text _builder_version=&#8221;4.16&#8243; text_font=&#8221;||||||||&#8221; text_font_size=&#8221;19px&#8221; header_font=&#8221;||||||||&#8221; custom_padding=&#8221;||0px|||&#8221; hover_enabled=&#8221;0&#8243; text_text_align=&#8221;left&#8221; global_colors_info=&#8221;{}&#8221; sticky_enabled=&#8221;0&#8243;]<\/p>\n<p><strong>Inhalte der Ausbildung:<\/strong><\/p>\n<ul>\n<li>Kenntnis grunds\u00e4tzlicher Betriebsabl\u00e4ufe (was wird vor der t\u00e4glichen Inbetriebnahme der Anlage getan, von wem und in welcher Qualit\u00e4t).<\/li>\n<li>Kenntnis \u00fcber die visuelle Routine-Inspektion nach EN 15567-1.<\/li>\n<li>Der Betreuer sollte in der Lage sein, den Zustand einer PSA augenscheinlich beurteilen zu k\u00f6nnen, um Sch\u00e4den festzustellen und ggf. Ma\u00dfnahmen zur Abstellung der festgestellten M\u00e4ngel einzuleiten (Sicherungsger\u00e4te, Verbindungsmittel, Gurte, Helme bzw. alle PSA, die im Betrieb durch Teilnehmer benutzt werden).<\/li>\n<li>F\u00e4higkeit, PSA bei sich und anderen sachgerecht anzulegen, ggf. inklusive Brustgurt.<\/li>\n<li>Kommunikation und Umgang mit Teilnehmern, Pr\u00e4sentation von Informationen und Instruktionen (sicherheitstechnische Einweisung) vor den Teilnehmern.<\/li>\n<li>Beaufsichtigungsstufen und verbale Interventionstechniken und Kenntnisse \u00fcber die anlagenspezifischen Betriebsabl\u00e4ufe.<\/li>\n<li>Unterst\u00fctzung von Rettungs- und Evakuierungsma\ufb02nahmen (z. B. Unterst\u00fctzung vom Boden aus, Aufstellen von Leitern, Erste Hilfe- und Evakuierungsabl\u00e4ufe).<\/li>\n<li>Der Betreuer ist physisch und psychisch in der Lage, die komplette Anlage (wie ein Teilnehmer) begehen zu k\u00f6nnen.<\/li>\n<li>Teilnahme an mindestens einer Evakuierungs\u00fcbung.<\/li>\n<\/ul>\n<p>[\/et_pb_text][\/et_pb_column][\/et_pb_row][\/et_pb_section]<\/p>\n","protected":false},"excerpt":{"rendered":"<p>AUSBILDUNG ZUM IAPA BETREUERDer IAPA Betreuer ist die erste Stufe zum Einstieg in das sehr spannende Arbeitsfeld der Abenteuerparks und Hochseilg\u00e4rten. In der t\u00e4glichen Arbeit stehst Du im st\u00e4ndigen Kontakt mit G\u00e4sten und Teilnehmern, weist diese in die Sicherheitstechnik ein und \u00fcbernimmst weitere vielf\u00e4ltige Aufgaben bis hin zur Unterst\u00fctzung von Rettungen. Die Grundausbildung eines IAPA [&hellip;]<\/p>\n","protected":false},"author":120,"featured_media":0,"parent":43,"menu_order":6,"comment_status":"closed","ping_status":"closed","template":"","meta":{"_et_pb_use_builder":"on","_et_pb_old_content":"","_et_gb_content_width":"","footnotes":""},"class_list":["post-46","page","type-page","status-publish","hentry"],"_links":{"self":[{"href":"https:\/\/iapa.cc\/en\/wp-json\/wp\/v2\/pages\/46","targetHints":{"allow":["GET"]}}],"collection":[{"href":"https:\/\/iapa.cc\/en\/wp-json\/wp\/v2\/pages"}],"about":[{"href":"https:\/\/iapa.cc\/en\/wp-json\/wp\/v2\/types\/page"}],"author":[{"embeddable":true,"href":"https:\/\/iapa.cc\/en\/wp-json\/wp\/v2\/users\/120"}],"replies":[{"embeddable":true,"href":"https:\/\/iapa.cc\/en\/wp-json\/wp\/v2\/comments?post=46"}],"version-history":[{"count":1,"href":"https:\/\/iapa.cc\/en\/wp-json\/wp\/v2\/pages\/46\/revisions"}],"predecessor-version":[{"id":8441,"href":"https:\/\/iapa.cc\/en\/wp-json\/wp\/v2\/pages\/46\/revisions\/8441"}],"up":[{"embeddable":true,"href":"https:\/\/iapa.cc\/en\/wp-json\/wp\/v2\/pages\/43"}],"wp:attachment":[{"href":"https:\/\/iapa.cc\/en\/wp-json\/wp\/v2\/media?parent=46"}],"curies":[{"name":"wp","href":"https:\/\/api.w.org\/{rel}","templated":true}]}}