{"id":49,"date":"2019-07-12T10:24:42","date_gmt":"2019-07-12T08:24:42","guid":{"rendered":"https:\/\/test.iapa.cc\/?page_id=49"},"modified":"2020-04-10T08:37:39","modified_gmt":"2020-04-10T06:37:39","slug":"iapa-lehrerfortbildung","status":"publish","type":"page","link":"https:\/\/iapa.cc\/en\/training\/ausbildungskonzept\/iapa-lehrerfortbildung\/","title":{"rendered":"IAPA Lehrerfortbildung"},"content":{"rendered":"<p>[et_pb_section fb_built=&#8221;1&#8243; admin_label=&#8221;Contact Info&#8221; _builder_version=&#8221;3.25.4&#8243; background_image=&#8221;https:\/\/iapa.cc\/wp-content\/uploads\/2019\/07\/Fotolia_62139086_S.jpg&#8221; background_position=&#8221;center_right&#8221; min_height=&#8221;323px&#8221; custom_padding=&#8221;110px||110px|&#8221; locked=&#8221;off&#8221;][\/et_pb_section][et_pb_section fb_built=&#8221;1&#8243; _builder_version=&#8221;3.25.4&#8243; min_height=&#8221;154px&#8221;][et_pb_row use_custom_gutter=&#8221;on&#8221; make_equal=&#8221;on&#8221; _builder_version=&#8221;3.25.4&#8243;][et_pb_column type=&#8221;4_4&#8243; _builder_version=&#8221;3.25.4&#8243;][et_pb_text admin_label=&#8221;Title&#8221; _builder_version=&#8221;3.27.4&#8243; text_font=&#8221;||||&#8221; text_text_color=&#8221;#1a1a1a&#8221; header_font=&#8221;Oswald|on||on|&#8221; header_text_align=&#8221;left&#8221; header_font_size=&#8221;60px&#8221; header_line_height=&#8221;1.3em&#8221; background_size=&#8221;initial&#8221; background_position=&#8221;top_left&#8221; background_repeat=&#8221;repeat&#8221; max_width=&#8221;927px&#8221; custom_margin=&#8221;|||&#8221; custom_padding=&#8221;|||&#8221; animation_style=&#8221;slide&#8221; animation_direction=&#8221;top&#8221; animation_intensity_slide=&#8221;10%&#8221; locked=&#8221;off&#8221;]<\/p>\n<h1>IAPA LEHRERFORTBILDUNG<\/h1>\n<p>[\/et_pb_text][et_pb_divider color=&#8221;#00395b&#8221; divider_position=&#8221;center&#8221; divider_weight=&#8221;3px&#8221; disabled_on=&#8221;off|off|off%22&#8243; _builder_version=&#8221;3.25.4&#8243; max_width=&#8221;150px&#8221; height=&#8221;false&#8221; custom_margin=&#8221;30px|||&#8221; animation_style=&#8221;slide&#8221; animation_direction=&#8221;top&#8221; animation_delay=&#8221;100ms&#8221; animation_intensity_slide=&#8221;10%&#8221; locked=&#8221;off&#8221;][\/et_pb_divider][et_pb_text _builder_version=&#8221;3.28&#8243; text_font=&#8221;||||||||&#8221; text_font_size=&#8221;19px&#8221; header_font=&#8221;||||||||&#8221; custom_padding=&#8221;||0px|||&#8221; text_text_align=&#8221;left&#8221;]<\/p>\n<div id=\"post-128\" class=\"post-128 page type-page status-publish hentry\">\n<p>Wenn Du als Lehrkraft mit Deinen Sch\u00fclerinnen und Sch\u00fclern das Abenteuer Kletterpark erleben m\u00f6chtest oder mit Deiner Klasse eine erlebnisp\u00e4dagogische Klassenfahrt planst, bietet die zweit\u00e4gige Fortbildung alles, was rund um das Thema Seilgarten wichtig ist. Nutze die Gelegenheit und entdecke au\u00dfergew\u00f6hnliche Lernorte fernab von Tafel, Pult und Kreide!<\/p>\n<p>Diese Lehrerfortbildung ist keine Kletterqualifikation! Sie qualifiziert Dich als Lehrkraft, mit Deinen Sch\u00fclerinnen und Sch\u00fclern im Rahmen des Sportunterrichts oder bei der Durchf\u00fchrung von Projekttagen, Projektwochen, Wandertagen und Klassenfahrten betreute Angebote \u2013 mit gut geschultem und zertifizierten Personal vor Ort \u2013 in Kletterparks oder traditionellen Hochseilg\u00e4rten durchzuf\u00fchren. Die Inhalte entsprechen den Empfehlungen der zentralen Fortbildungseinrichtungen f\u00fcr Sportlehrkr\u00e4fte.<\/p>\n<p>Die Lehrerfortbildung f\u00fcr Abenteuerparks ist 1-t\u00e4gig, die Lehrerfortbildung f\u00fcr traditionelle Hochseilg\u00e4rten ist 2-t\u00e4gig.<br \/>Die Fortbildung findet in den teilnehmenden Abenteuerparks und Hochseilg\u00e4rten statt.<\/p>\n<div class=\"post-entry\"><\/div>\n<\/div>\n<p>[\/et_pb_text][et_pb_text _builder_version=&#8221;3.28&#8243; text_font=&#8221;||||||||&#8221; text_font_size=&#8221;19px&#8221; header_font=&#8221;||||||||&#8221; custom_padding=&#8221;||0px|||&#8221; text_text_align=&#8221;left&#8221;]<\/p>\n<div id=\"post-128\" class=\"post-128 page type-page status-publish hentry\">\n<p><span><strong>Inhalte des 1. Fortbildungstages f\u00fcr Abenteuerparks und Hochseilg\u00e4rten:<\/strong><\/span><\/p>\n<ul>\n<li>Einf\u00fchrung in die Sicherungstheorie<\/li>\n<li>\u00dcbersicht \u00fcber verschiedene Seilgartentypen<\/li>\n<li>Vor- und Nachteile verschiedener Seilgartentypen<\/li>\n<li>P\u00e4dagogische Empfehlungen f\u00fcr unterschiedliche Zielgruppen<\/li>\n<li>Anforderungen an die Aufsicht<\/li>\n<li>Begriffsbestimmungen<\/li>\n<li>Checkliste f\u00fcr die sichere Auswahl geeigneter Angebote<\/li>\n<\/ul>\n<\/div>\n<p>[\/et_pb_text][et_pb_text _builder_version=&#8221;3.28&#8243; text_font=&#8221;||||||||&#8221; text_font_size=&#8221;19px&#8221; header_font=&#8221;||||||||&#8221; custom_padding=&#8221;||0px|||&#8221; text_text_align=&#8221;left&#8221;]<\/p>\n<div id=\"post-128\" class=\"post-128 page type-page status-publish hentry\">\n<p><strong>Inhalte des 2. Fortbildungstages f\u00fcr Hochseilg\u00e4rten:<\/strong><\/p>\n<ul>\n<li>Planung und Organisation von Besuchen im traditionellen Hochseilgarten<\/li>\n<li>Einbindung des Besuchs in ein p\u00e4dagogisches Gesamtkonzept<\/li>\n<li>Rechtslage<\/li>\n<li>Typen und Unterschiede von traditionellen Hochseilg\u00e4rten<\/li>\n<li>Sicherungsprinzipien in Theorie und Praxis<\/li>\n<li>M\u00f6gliche Gefahren<\/li>\n<li>Selbsterfahrung<\/li>\n<\/ul>\n<\/div>\n<p>[\/et_pb_text][et_pb_text _builder_version=&#8221;4.4.2&#8243; text_font=&#8221;||||||||&#8221; text_font_size=&#8221;19px&#8221; header_font=&#8221;||||||||&#8221; custom_padding=&#8221;||0px|||&#8221; text_text_align=&#8221;left&#8221;]<\/p>\n<div id=\"post-128\" class=\"post-128 page type-page status-publish hentry\">\n<p>Auf Wunsch k\u00f6nnen die Fortbildungstage auch einzeln besucht werden. F\u00fcr jeden Tag gibt es einen Qualifikationsnachweis!<\/p>\n<p>Du w\u00fcnschst weitere Informationen? Dann schreib uns eine E-Mail!<\/p>\n<\/div>\n<p>[\/et_pb_text][\/et_pb_column][\/et_pb_row][et_pb_row column_structure=&#8221;1_2,1_2&#8243; use_custom_gutter=&#8221;on&#8221; make_equal=&#8221;on&#8221; _builder_version=&#8221;4.4.2&#8243;][et_pb_column type=&#8221;1_2&#8243; _builder_version=&#8221;3.25.4&#8243;][et_pb_contact_form captcha=&#8221;off&#8221; email=&#8221;office@iapa.cc&#8221; custom_message=&#8221;Kontaktformular LEHRERFORTBILDUNG:||et_pb_line_break_holder||||et_pb_line_break_holder||%%message%%&#8221; submit_button_text=&#8221;E-MAIL SENDEN&#8221; _builder_version=&#8221;4.4.2&#8243; custom_button=&#8221;on&#8221; button_text_color=&#8221;#ffffff&#8221; button_bg_color=&#8221;#00395b&#8221; button_icon=&#8221;%%3%%&#8221; button_on_hover=&#8221;off&#8221;][et_pb_contact_field field_id=&#8221;Name&#8221; field_title=&#8221;Name&#8221; _builder_version=&#8221;4.4.2&#8243; button_text_size__hover_enabled=&#8221;off&#8221; button_one_text_size__hover_enabled=&#8221;off&#8221; button_two_text_size__hover_enabled=&#8221;off&#8221; button_text_color__hover_enabled=&#8221;off&#8221; button_one_text_color__hover_enabled=&#8221;off&#8221; button_two_text_color__hover_enabled=&#8221;off&#8221; button_border_width__hover_enabled=&#8221;off&#8221; button_one_border_width__hover_enabled=&#8221;off&#8221; button_two_border_width__hover_enabled=&#8221;off&#8221; button_border_color__hover_enabled=&#8221;off&#8221; button_one_border_color__hover_enabled=&#8221;off&#8221; button_two_border_color__hover_enabled=&#8221;off&#8221; button_border_radius__hover_enabled=&#8221;off&#8221; button_one_border_radius__hover_enabled=&#8221;off&#8221; button_two_border_radius__hover_enabled=&#8221;off&#8221; button_letter_spacing__hover_enabled=&#8221;off&#8221; button_one_letter_spacing__hover_enabled=&#8221;off&#8221; button_two_letter_spacing__hover_enabled=&#8221;off&#8221; button_bg_color__hover_enabled=&#8221;off&#8221; button_one_bg_color__hover_enabled=&#8221;off&#8221; button_two_bg_color__hover_enabled=&#8221;off&#8221;][\/et_pb_contact_field][et_pb_contact_field field_id=&#8221;Email&#8221; field_title=&#8221;E-Mail-Adresse&#8221; field_type=&#8221;email&#8221; _builder_version=&#8221;4.4.2&#8243; button_text_size__hover_enabled=&#8221;off&#8221; button_one_text_size__hover_enabled=&#8221;off&#8221; button_two_text_size__hover_enabled=&#8221;off&#8221; button_text_color__hover_enabled=&#8221;off&#8221; button_one_text_color__hover_enabled=&#8221;off&#8221; button_two_text_color__hover_enabled=&#8221;off&#8221; button_border_width__hover_enabled=&#8221;off&#8221; button_one_border_width__hover_enabled=&#8221;off&#8221; button_two_border_width__hover_enabled=&#8221;off&#8221; button_border_color__hover_enabled=&#8221;off&#8221; button_one_border_color__hover_enabled=&#8221;off&#8221; button_two_border_color__hover_enabled=&#8221;off&#8221; button_border_radius__hover_enabled=&#8221;off&#8221; button_one_border_radius__hover_enabled=&#8221;off&#8221; button_two_border_radius__hover_enabled=&#8221;off&#8221; button_letter_spacing__hover_enabled=&#8221;off&#8221; button_one_letter_spacing__hover_enabled=&#8221;off&#8221; button_two_letter_spacing__hover_enabled=&#8221;off&#8221; button_bg_color__hover_enabled=&#8221;off&#8221; button_one_bg_color__hover_enabled=&#8221;off&#8221; button_two_bg_color__hover_enabled=&#8221;off&#8221;][\/et_pb_contact_field][et_pb_contact_field field_id=&#8221;Message&#8221; field_title=&#8221;Nachricht&#8221; field_type=&#8221;text&#8221; fullwidth_field=&#8221;on&#8221; _builder_version=&#8221;4.4.2&#8243; button_text_size__hover_enabled=&#8221;off&#8221; button_one_text_size__hover_enabled=&#8221;off&#8221; button_two_text_size__hover_enabled=&#8221;off&#8221; button_text_color__hover_enabled=&#8221;off&#8221; button_one_text_color__hover_enabled=&#8221;off&#8221; button_two_text_color__hover_enabled=&#8221;off&#8221; button_border_width__hover_enabled=&#8221;off&#8221; button_one_border_width__hover_enabled=&#8221;off&#8221; button_two_border_width__hover_enabled=&#8221;off&#8221; button_border_color__hover_enabled=&#8221;off&#8221; button_one_border_color__hover_enabled=&#8221;off&#8221; button_two_border_color__hover_enabled=&#8221;off&#8221; button_border_radius__hover_enabled=&#8221;off&#8221; button_one_border_radius__hover_enabled=&#8221;off&#8221; button_two_border_radius__hover_enabled=&#8221;off&#8221; button_letter_spacing__hover_enabled=&#8221;off&#8221; button_one_letter_spacing__hover_enabled=&#8221;off&#8221; button_two_letter_spacing__hover_enabled=&#8221;off&#8221; button_bg_color__hover_enabled=&#8221;off&#8221; button_one_bg_color__hover_enabled=&#8221;off&#8221; button_two_bg_color__hover_enabled=&#8221;off&#8221;][\/et_pb_contact_field][\/et_pb_contact_form][\/et_pb_column][et_pb_column type=&#8221;1_2&#8243; _builder_version=&#8221;3.25.4&#8243;][\/et_pb_column][\/et_pb_row][\/et_pb_section]<\/p>\n","protected":false},"excerpt":{"rendered":"<p>IAPA LEHRERFORTBILDUNG Wenn Du als Lehrkraft mit Deinen Sch\u00fclerinnen und Sch\u00fclern das Abenteuer Kletterpark erleben m\u00f6chtest oder mit Deiner Klasse eine erlebnisp\u00e4dagogische Klassenfahrt planst, bietet die zweit\u00e4gige Fortbildung alles, was rund um das Thema Seilgarten wichtig ist. Nutze die Gelegenheit und entdecke au\u00dfergew\u00f6hnliche Lernorte fernab von Tafel, Pult und Kreide! Diese Lehrerfortbildung ist keine Kletterqualifikation! [&hellip;]<\/p>\n","protected":false},"author":4,"featured_media":0,"parent":43,"menu_order":8,"comment_status":"closed","ping_status":"closed","template":"","meta":{"_et_pb_use_builder":"on","_et_pb_old_content":"","_et_gb_content_width":"","footnotes":""},"class_list":["post-49","page","type-page","status-publish","hentry"],"_links":{"self":[{"href":"https:\/\/iapa.cc\/en\/wp-json\/wp\/v2\/pages\/49","targetHints":{"allow":["GET"]}}],"collection":[{"href":"https:\/\/iapa.cc\/en\/wp-json\/wp\/v2\/pages"}],"about":[{"href":"https:\/\/iapa.cc\/en\/wp-json\/wp\/v2\/types\/page"}],"author":[{"embeddable":true,"href":"https:\/\/iapa.cc\/en\/wp-json\/wp\/v2\/users\/4"}],"replies":[{"embeddable":true,"href":"https:\/\/iapa.cc\/en\/wp-json\/wp\/v2\/comments?post=49"}],"version-history":[{"count":0,"href":"https:\/\/iapa.cc\/en\/wp-json\/wp\/v2\/pages\/49\/revisions"}],"up":[{"embeddable":true,"href":"https:\/\/iapa.cc\/en\/wp-json\/wp\/v2\/pages\/43"}],"wp:attachment":[{"href":"https:\/\/iapa.cc\/en\/wp-json\/wp\/v2\/media?parent=49"}],"curies":[{"name":"wp","href":"https:\/\/api.w.org\/{rel}","templated":true}]}}