{"id":7410,"date":"2022-11-15T18:52:46","date_gmt":"2022-11-15T17:52:46","guid":{"rendered":"https:\/\/www.iapa.cc\/?page_id=7410"},"modified":"2024-02-27T12:15:10","modified_gmt":"2024-02-27T11:15:10","slug":"registrierungsablauf-fuer-die-iapa-inspektionsstelle-neu","status":"publish","type":"page","link":"https:\/\/iapa.cc\/en\/registrierungsablauf-fuer-die-iapa-inspektionsstelle-neu\/","title":{"rendered":"REGISTRIERUNGSABLAUF F\u00dcR EINE IAPA INSPEKTIONSSTELLE"},"content":{"rendered":"<p>[et_pb_section fb_built=&#8221;1&#8243; admin_label=&#8221;Contact Info&#8221; _builder_version=&#8221;4.16&#8243; background_image=&#8221;https:\/\/iapa.cc\/wp-content\/uploads\/2019\/07\/Fotolia_62139086_S.jpg&#8221; min_height=&#8221;323px&#8221; custom_padding=&#8221;110px||110px|&#8221; da_disable_devices=&#8221;off|off|off&#8221; locked=&#8221;off&#8221; global_colors_info=&#8221;{}&#8221; da_is_popup=&#8221;off&#8221; da_exit_intent=&#8221;off&#8221; da_has_close=&#8221;on&#8221; da_alt_close=&#8221;off&#8221; da_dark_close=&#8221;off&#8221; da_not_modal=&#8221;on&#8221; da_is_singular=&#8221;off&#8221; da_with_loader=&#8221;off&#8221; da_has_shadow=&#8221;on&#8221;][\/et_pb_section][et_pb_section fb_built=&#8221;1&#8243; _builder_version=&#8221;4.16&#8243; min_height=&#8221;58px&#8221; custom_padding=&#8221;||9px|||&#8221; da_disable_devices=&#8221;off|off|off&#8221; global_colors_info=&#8221;{}&#8221; da_is_popup=&#8221;off&#8221; da_exit_intent=&#8221;off&#8221; da_has_close=&#8221;on&#8221; da_alt_close=&#8221;off&#8221; da_dark_close=&#8221;off&#8221; da_not_modal=&#8221;on&#8221; da_is_singular=&#8221;off&#8221; da_with_loader=&#8221;off&#8221; da_has_shadow=&#8221;on&#8221;][et_pb_row use_custom_gutter=&#8221;on&#8221; make_equal=&#8221;on&#8221; _builder_version=&#8221;4.16&#8243; min_height=&#8221;77px&#8221; custom_margin=&#8221;|auto|-50px|auto||&#8221; custom_padding=&#8221;||1px|||&#8221; global_colors_info=&#8221;{}&#8221;][et_pb_column type=&#8221;4_4&#8243; _builder_version=&#8221;4.16&#8243; global_colors_info=&#8221;{}&#8221;][et_pb_text admin_label=&#8221;Title&#8221; _builder_version=&#8221;4.18.1&#8243; text_font=&#8221;||||&#8221; text_text_color=&#8221;#1a1a1a&#8221; header_font=&#8221;Oswald|on||on|&#8221; header_text_align=&#8221;left&#8221; header_font_size=&#8221;60px&#8221; header_line_height=&#8221;1.3em&#8221; background_size=&#8221;initial&#8221; background_position=&#8221;top_left&#8221; background_repeat=&#8221;repeat&#8221; max_width=&#8221;1050px&#8221; custom_margin=&#8221;|||&#8221; custom_padding=&#8221;|0px||||&#8221; animation_style=&#8221;slide&#8221; animation_direction=&#8221;top&#8221; animation_intensity_slide=&#8221;10%&#8221; locked=&#8221;off&#8221; global_colors_info=&#8221;{}&#8221;]<\/p>\n<h1>REGISTRIERUNGSABLAUF F\u00dcR EINE IAPA INSPEKTIONSSTELLE<\/h1>\n<p>[\/et_pb_text][et_pb_divider color=&#8221;#00827D&#8221; divider_position=&#8221;center&#8221; divider_weight=&#8221;3px&#8221; disabled_on=&#8221;off|off|off%22&#8243; _builder_version=&#8221;4.16&#8243; max_width=&#8221;150px&#8221; height=&#8221;false&#8221; custom_margin=&#8221;-7px|||||&#8221; animation_style=&#8221;slide&#8221; animation_direction=&#8221;top&#8221; animation_delay=&#8221;100ms&#8221; animation_intensity_slide=&#8221;10%&#8221; locked=&#8221;off&#8221; global_colors_info=&#8221;{}&#8221;][\/et_pb_divider][et_pb_text _builder_version=&#8221;4.19.3&#8243; text_font=&#8221;||||||||&#8221; text_font_size=&#8221;19px&#8221; min_height=&#8221;181px&#8221; custom_padding=&#8221;||19px|||&#8221; global_colors_info=&#8221;{}&#8221;]<\/p>\n<ul>\n<li>Jede Firma, die regelm\u00e4\u00dfig wiederkehrende Inspektionen und \u00c4nderungsinspektionen von Seilg\u00e4rten durchf\u00fchrt, ist berechtigt, sich bei der IAPA als INSPEKTIONSSTELLE zu registrieren.<\/li>\n<li>Die IAPA hat mit dem INSPECTION Konzept einen Kriterienkatalog f\u00fcr Inspektionsstellen entwickelt, dessen vollst\u00e4ndige Erf\u00fcllung gegeben sein muss, um bei der IAPA als INSPEKTIONSSTELLE registriert zu werden.<\/li>\n<li>Erst mit der Registrierung als IAPA INSPEKTIONSSTELLE ist es m\u00f6glich, das IAPA INSPECTION Zertifikat plus Schild und Plakette sowie das IAPA Qualit\u00e4tssiegel INSPECTION PRO vergeben zu d\u00fcrfen.<\/li>\n<li>Die notwendigen Qualifikationen m\u00fcssen nicht bei der IAPA erworben worden sein. Inhaltlich gleichwertige Aus- und Fortbildungen anderer Anbieter werden anerkannt.<\/li>\n<\/ul>\n<p>[\/et_pb_text][\/et_pb_column][\/et_pb_row][\/et_pb_section][et_pb_section fb_built=&#8221;1&#8243; _builder_version=&#8221;4.16&#8243; custom_padding=&#8221;||3px|||&#8221; da_disable_devices=&#8221;off|off|off&#8221; global_colors_info=&#8221;{}&#8221; da_is_popup=&#8221;off&#8221; da_exit_intent=&#8221;off&#8221; da_has_close=&#8221;on&#8221; da_alt_close=&#8221;off&#8221; da_dark_close=&#8221;off&#8221; da_not_modal=&#8221;on&#8221; da_is_singular=&#8221;off&#8221; da_with_loader=&#8221;off&#8221; da_has_shadow=&#8221;on&#8221;][et_pb_row _builder_version=&#8221;4.16&#8243; global_colors_info=&#8221;{}&#8221;][et_pb_column type=&#8221;4_4&#8243; _builder_version=&#8221;4.16&#8243; global_colors_info=&#8221;{}&#8221;][et_pb_divider color=&#8221;#00827D&#8221; divider_position=&#8221;center&#8221; divider_weight=&#8221;3px&#8221; disabled_on=&#8221;off|off|off%22&#8243; _builder_version=&#8221;4.16&#8243; max_width=&#8221;150px&#8221; height=&#8221;false&#8221; custom_margin=&#8221;-27px|||||&#8221; animation_style=&#8221;slide&#8221; animation_direction=&#8221;top&#8221; animation_delay=&#8221;100ms&#8221; animation_intensity_slide=&#8221;10%&#8221; locked=&#8221;off&#8221; global_colors_info=&#8221;{}&#8221;][\/et_pb_divider][et_pb_text _builder_version=&#8221;4.23.1&#8243; text_font=&#8221;||||||||&#8221; text_font_size=&#8221;19px&#8221; min_height=&#8221;161px&#8221; custom_margin=&#8221;||-5px|||&#8221; custom_padding=&#8221;||0px|||&#8221; global_colors_info=&#8221;{}&#8221;]<\/p>\n<h2><strong>Zulassungsvoraussetzung und Qualifikation<br \/><\/strong><\/h2>\n<p>&nbsp;<\/p>\n<p>Um sich als IAPA Inspektionsstelle registrieren zu k\u00f6nnen, m\u00fcssen folgende Voraussetzungen erf\u00fcllt sein:<\/p>\n<p><strong>IAPA registrierte INSPEKTIONSSTELLE<\/strong><\/p>\n<ul>\n<li>IAPA-Registrierung der Inspektionsstelle<\/li>\n<li>IAPA-Registrierung der f\u00fcr die Inspektionsstelle t\u00e4tigen Inspektoren<\/li>\n<li>Betriebs- \/Berufshaftpflicht mindestens 5 Millionen EURO f\u00fcr Personen \u2013 und Sachsch\u00e4den sowie bei einer wiederkehrenden Inspektion mindestens 100.000 EURO bzw. mindestens 250.000 Euro bei einer Erst- oder \u00c4nderungsinspektion f\u00fcr Verm\u00f6genssch\u00e4den<\/li>\n<li>IAPA Mitgliedschaft der juristischen Person als registrierte Inspektionsstelle<\/li>\n<li>Qualit\u00e4tssicherungsvereinbarung &#8220;IAPA registrierte INSPEKTIONSSTELLE&#8221;<\/li>\n<li>Benennung eines <strong>hauptverantwortlichen Inspektors<\/strong>, der an einem ein- bis zweit\u00e4gigen Audit der IAPA Abteilung INSPECTION teilnimmt<\/li>\n<li>Vorgegebene Qualit\u00e4tssicherungsvereinbarun<wbr \/>g &#8220;IAPA registrierter INSPEKTOR&#8221; zwischen der IAPA registrierten INSPEKTIONSSTELLE und der f\u00fcr sie Inspektionen durchf\u00fchrenden registrierten IAPA Inspektoren<\/li>\n<\/ul>\n<p>&nbsp;<\/p>\n<p><strong>Notwendige pers\u00f6nliche Qualifikationen der f\u00fcr die Inspektionsstelle t\u00e4tigen HAUPTVERANTWORTLICHEN INSPEKTOR<\/strong><\/p>\n<ul>\n<li>Erste-Hilfe-Schein (aktuell g\u00fcltig)<\/li>\n<li>Mindestens 18 Jahre<\/li>\n<li>Bau- und Betriebserfahrung von mindestens 600 Stunden<\/li>\n<li>Nachweis von insgesamt 8 durchgef\u00fchrten Inspektionen an mindestens 2 verschiedenen Tragwerken und an mindestens 2 verschiedenen Sicherungssystemen<\/li>\n<li>PSA Sachkunde nach dem DGUV Grundsatz 312-906<\/li>\n<li>Sachkunde f\u00fcr die \u00dcberpr\u00fcfung von Lastaufnahmeeinrichtungen (LAM)<\/li>\n<li>Seiltechnische Ausbildung, z.B. PSA Anwender, SZT, SKT (aktuell g\u00fcltig)<\/li>\n<li>Drahtseilsachkunde (mind. 2-t\u00e4gig)<\/li>\n<li>Teilnahme an einem ein- bis zweit\u00e4gigen Audit bei der IAPA Abteilung INSPECTION<\/li>\n<li>Fortbildungspflicht 1x alle 2 Jahre, themenbezogen<\/li>\n<\/ul>\n<p><strong>\u00a0<\/strong><\/p>\n<p><strong>Notwendige pers\u00f6nliche Qualifikationen der f\u00fcr die Inspektionsstelle t\u00e4tigen IAPA registrierten INSPEKTOREN<\/strong><\/p>\n<p>&nbsp;<\/p>\n<ul>\n<li>Erste-Hilfe-Schein (aktuell g\u00fcltig)<\/li>\n<li>Mindestens 18 Jahre<\/li>\n<li>Bau- und Betriebserfahrung von mindestens 600 Stunden<\/li>\n<li>Nachweis von insgesamt 8 durchgef\u00fchrten Inspektionen an mindestens 2 verschiedenen Tragwerken und an mindestens 2 verschiedenen Sicherungssystemen<\/li>\n<li>PSA Sachkunde nach dem DGUV Grundsatz 312-906<\/li>\n<li>Sachkunde f\u00fcr die \u00dcberpr\u00fcfung von Lastaufnahmeeinrichtungen (LAM)<\/li>\n<li>Seiltechnische Ausbildung, z.B. PSA Anwender, SZT, SKT (aktuell g\u00fcltig)<\/li>\n<li>Drahtseilsachkunde (mind. 2-t\u00e4gig)<\/li>\n<li>Teilnahme an einem ein- bis zweit\u00e4gigen Audit bei der IAPA Abteilung INSPECTION<\/li>\n<li>Fortbildungspflicht 1x alle 2 Jahre, themenbezogen<\/li>\n<\/ul>\n<p>[\/et_pb_text][\/et_pb_column][\/et_pb_row][\/et_pb_section][et_pb_section fb_built=&#8221;1&#8243; _builder_version=&#8221;4.16&#8243; custom_padding=&#8221;||3px|||&#8221; da_disable_devices=&#8221;off|off|off&#8221; global_colors_info=&#8221;{}&#8221; da_is_popup=&#8221;off&#8221; da_exit_intent=&#8221;off&#8221; da_has_close=&#8221;on&#8221; da_alt_close=&#8221;off&#8221; da_dark_close=&#8221;off&#8221; da_not_modal=&#8221;on&#8221; da_is_singular=&#8221;off&#8221; da_with_loader=&#8221;off&#8221; da_has_shadow=&#8221;on&#8221;][et_pb_row _builder_version=&#8221;4.16&#8243; global_colors_info=&#8221;{}&#8221;][et_pb_column type=&#8221;4_4&#8243; _builder_version=&#8221;4.16&#8243; global_colors_info=&#8221;{}&#8221;][et_pb_divider color=&#8221;#00827D&#8221; divider_position=&#8221;center&#8221; divider_weight=&#8221;3px&#8221; disabled_on=&#8221;off|off|off%22&#8243; _builder_version=&#8221;4.16&#8243; max_width=&#8221;150px&#8221; height=&#8221;false&#8221; custom_margin=&#8221;-27px|||||&#8221; animation_style=&#8221;slide&#8221; animation_direction=&#8221;top&#8221; animation_delay=&#8221;100ms&#8221; animation_intensity_slide=&#8221;10%&#8221; locked=&#8221;off&#8221; global_colors_info=&#8221;{}&#8221;][\/et_pb_divider][et_pb_text _builder_version=&#8221;4.23.1&#8243; text_font=&#8221;||||||||&#8221; text_font_size=&#8221;19px&#8221; min_height=&#8221;161px&#8221; custom_margin=&#8221;||-5px|||&#8221; custom_padding=&#8221;||0px|||&#8221; global_colors_info=&#8221;{}&#8221;]<\/p>\n<div class=\"et_pb_module et_pb_text et_pb_text_3 et_pb_text_align_left et_pb_bg_layout_light\">\n<div class=\"et_pb_text_inner\">\n<h3><strong>Ablauf des Registrierungsprozesses<\/strong><\/h3>\n<p>&nbsp;<\/p>\n<p>1. Du erf\u00fcllst die aufgef\u00fchrten Voraussetzungen f\u00fcr die Registrierung als Inspektionsstelle?<br \/><strong>Dann sende folgende Unterlagen per E-Mail an <a>office@iapa.cc<\/a>:<\/strong><\/p>\n<ul>\n<li class=\"default-style\">Antrag \u201eRegistrierung zur IAPA Inspektionsstelle\u201c inkl. aller Pr\u00fcfungsdokumente<br \/>(die Checkliste dient dem Nachweis Deiner Qualifikation, das IAPA INSPECTION Zertifikat und das IAPA Qualit\u00e4tssiegel INSPECTION PRO vergeben zu d\u00fcrfen.)<\/li>\n<li class=\"default-style\">Antrag \u201cRegistrierung zum IAPA Inspektor\u201d inkl. aller Pr\u00fcfungsdokumente<\/li>\n<li class=\"default-style\">Qualit\u00e4tssicherungsvereinbarun<wbr \/>g &#8220;IAPA registrierte INSPEKTIONSSTELLE&#8221;<\/li>\n<li class=\"default-style\">Qualit\u00e4tssicherungsvereinbarun<wbr \/>g &#8220;IAPA registrierter INSPEKTOR&#8221;<\/li>\n<li><span data-syno-text=\"true\">Die Qualit\u00e4tssicherungsvereinbarun<wbr \/>g wird Dir alle <strong>2 Jahre<\/strong> zur Unterschrift zugesendet.<\/span><\/li>\n<\/ul>\n<p>2. Deine Unterlagen werden von der IAPA gepr\u00fcft. Liegen alle notwendigen Voraussetzungen und Qualifikationen vor, nimmst Du an einem <strong>ein- bis zweit\u00e4gigen Audit bei der IAPA<\/strong> teil. Die Audit-Termine findest du <a href=\"https:\/\/www.iapa.cc\/training\/ausbildungstermine\/\">hier<\/a>.<\/p>\n<p>3. <span data-syno-text=\"true\">Anschlie\u00dfend erh\u00e4ltst Du von uns ein <strong>Zertifikat und ein Web-Logo<\/strong>, dass dich als registrierte IAPA Inspektionsstelle ausweist und Du wirst auf unserer Homepage als IAPA registrierte INSPEKTIONSSTELLE gelistet<br \/><\/span><\/p>\n<div class=\"default-style\">\n<div><span data-syno-text=\"true\">\u00a0<\/span><\/div>\n<\/div>\n<\/div>\n<\/div>\n<p>[\/et_pb_text][et_pb_text _builder_version=&#8221;4.24.0&#8243; text_font=&#8221;||||||||&#8221; text_font_size=&#8221;19px&#8221; link_font=&#8221;||||on||||&#8221; min_height=&#8221;140px&#8221; custom_padding=&#8221;43px||19px|||&#8221; hover_enabled=&#8221;0&#8243; global_colors_info=&#8221;{}&#8221; sticky_enabled=&#8221;0&#8243;]<\/p>\n<h3><strong>DOWNLOADS<\/strong><\/h3>\n<ul>\n<li>Antrag <a href=\"https:\/\/iapa.cc\/wp-content\/uploads\/2024\/02\/20240207_Registrierung-zur-IAPA-Inspektionsstelle.pdf\" target=\"_blank\" rel=\"noopener\">\u201eRegistrierung zur IAPA Inspektionsstelle\u201c<\/a><\/li>\n<li>Antrag <a href=\"https:\/\/iapa.cc\/wp-content\/uploads\/2024\/02\/Registrierung-zum-IAPA-Inspektor.pdf\" target=\"_blank\" rel=\"noopener\">\u201cRegistrierung zum IAPA Inspektor\u201d<\/a><\/li>\n<li>Qualit\u00e4tssicherungsvereinbarung <a href=\"https:\/\/iapa.cc\/wp-content\/uploads\/2024\/02\/20240207_Qualitatssicherungsvereinbarung-IAPA_INSPEKTIONSSTELLE_Stand-02-2024_D.pdf\" target=\"_blank\" rel=\"noopener\">&#8220;IAPA registrierte INSPEKTIONSSTELLE&#8221;<\/a><\/li>\n<li>Qualit\u00e4tssicherungsvereinbarung <a href=\"https:\/\/iapa.cc\/wp-content\/uploads\/2024\/02\/20240207_Qualitatssicherungsvereinbarung-IAPA_registrierter_INSPEKTOR_Stand-02-2024_D.pdf\" target=\"_blank\" rel=\"noopener\">&#8220;IAPA registrierter INSPEKTOR&#8221;<\/a><\/li>\n<li>Information zu Kosten als Inspektionsstelle und Schildbestellungen <a href=\"https:\/\/iapa.cc\/wp-content\/uploads\/2024\/02\/20240227_Aufstellung_Kosten_Inspektionsstelle_Schilder.pdf\" target=\"_blank\" rel=\"noopener\">&#8220;Kosten als Inspektionsstelle&#8221;<\/a><\/li>\n<\/ul>\n<p>[\/et_pb_text][\/et_pb_column][\/et_pb_row][\/et_pb_section]<\/p>\n","protected":false},"excerpt":{"rendered":"<p>REGISTRIERUNGSABLAUF F\u00dcR EINE IAPA INSPEKTIONSSTELLE Jede Firma, die regelm\u00e4\u00dfig wiederkehrende Inspektionen und \u00c4nderungsinspektionen von Seilg\u00e4rten durchf\u00fchrt, ist berechtigt, sich bei der IAPA als INSPEKTIONSSTELLE zu registrieren. Die IAPA hat mit dem INSPECTION Konzept einen Kriterienkatalog f\u00fcr Inspektionsstellen entwickelt, dessen vollst\u00e4ndige Erf\u00fcllung gegeben sein muss, um bei der IAPA als INSPEKTIONSSTELLE registriert zu werden. Erst mit [&hellip;]<\/p>\n","protected":false},"author":120,"featured_media":0,"parent":0,"menu_order":5,"comment_status":"closed","ping_status":"closed","template":"","meta":{"_et_pb_use_builder":"on","_et_pb_old_content":"","_et_gb_content_width":"","footnotes":""},"class_list":["post-7410","page","type-page","status-publish","hentry"],"_links":{"self":[{"href":"https:\/\/iapa.cc\/en\/wp-json\/wp\/v2\/pages\/7410","targetHints":{"allow":["GET"]}}],"collection":[{"href":"https:\/\/iapa.cc\/en\/wp-json\/wp\/v2\/pages"}],"about":[{"href":"https:\/\/iapa.cc\/en\/wp-json\/wp\/v2\/types\/page"}],"author":[{"embeddable":true,"href":"https:\/\/iapa.cc\/en\/wp-json\/wp\/v2\/users\/120"}],"replies":[{"embeddable":true,"href":"https:\/\/iapa.cc\/en\/wp-json\/wp\/v2\/comments?post=7410"}],"version-history":[{"count":13,"href":"https:\/\/iapa.cc\/en\/wp-json\/wp\/v2\/pages\/7410\/revisions"}],"predecessor-version":[{"id":9388,"href":"https:\/\/iapa.cc\/en\/wp-json\/wp\/v2\/pages\/7410\/revisions\/9388"}],"wp:attachment":[{"href":"https:\/\/iapa.cc\/en\/wp-json\/wp\/v2\/media?parent=7410"}],"curies":[{"name":"wp","href":"https:\/\/api.w.org\/{rel}","templated":true}]}}