{"id":7474,"date":"2022-11-03T08:54:01","date_gmt":"2022-11-03T07:54:01","guid":{"rendered":"https:\/\/www.iapa.cc\/?page_id=7474"},"modified":"2024-10-01T11:50:42","modified_gmt":"2024-10-01T09:50:42","slug":"inspection-ausbildungskonzept-neu","status":"publish","type":"page","link":"https:\/\/iapa.cc\/en\/iapa-inspection\/inspection-ausbildungskonzept-neu\/","title":{"rendered":"INSPECTION Ausbildungskonzept"},"content":{"rendered":"<p>[et_pb_section fb_built=&#8221;1&#8243; admin_label=&#8221;Contact Info&#8221; _builder_version=&#8221;4.16&#8243; background_image=&#8221;https:\/\/iapa.cc\/wp-content\/uploads\/2019\/07\/Fotolia_62139086_S.jpg&#8221; background_position=&#8221;center_right&#8221; min_height=&#8221;323px&#8221; custom_padding=&#8221;110px||110px|&#8221; da_disable_devices=&#8221;off|off|off&#8221; locked=&#8221;off&#8221; global_colors_info=&#8221;{}&#8221; da_is_popup=&#8221;off&#8221; da_exit_intent=&#8221;off&#8221; da_has_close=&#8221;on&#8221; da_alt_close=&#8221;off&#8221; da_dark_close=&#8221;off&#8221; da_not_modal=&#8221;on&#8221; da_is_singular=&#8221;off&#8221; da_with_loader=&#8221;off&#8221; da_has_shadow=&#8221;on&#8221;][\/et_pb_section][et_pb_section fb_built=&#8221;1&#8243; _builder_version=&#8221;4.16&#8243; min_height=&#8221;154px&#8221; da_disable_devices=&#8221;off|off|off&#8221; global_colors_info=&#8221;{}&#8221; da_is_popup=&#8221;off&#8221; da_exit_intent=&#8221;off&#8221; da_has_close=&#8221;on&#8221; da_alt_close=&#8221;off&#8221; da_dark_close=&#8221;off&#8221; da_not_modal=&#8221;on&#8221; da_is_singular=&#8221;off&#8221; da_with_loader=&#8221;off&#8221; da_has_shadow=&#8221;on&#8221;][et_pb_row use_custom_gutter=&#8221;on&#8221; make_equal=&#8221;on&#8221; _builder_version=&#8221;4.16&#8243; global_colors_info=&#8221;{}&#8221;][et_pb_column type=&#8221;4_4&#8243; _builder_version=&#8221;4.16&#8243; global_colors_info=&#8221;{}&#8221;][et_pb_text admin_label=&#8221;Title&#8221; _builder_version=&#8221;4.19.5&#8243; text_font=&#8221;||||&#8221; text_text_color=&#8221;#1a1a1a&#8221; header_font=&#8221;Oswald|on||on|&#8221; header_text_align=&#8221;left&#8221; header_font_size=&#8221;60px&#8221; header_line_height=&#8221;1.3em&#8221; background_size=&#8221;initial&#8221; background_position=&#8221;top_left&#8221; background_repeat=&#8221;repeat&#8221; max_width=&#8221;993px&#8221; custom_margin=&#8221;|||&#8221; custom_padding=&#8221;|0px||||&#8221; animation_style=&#8221;slide&#8221; animation_direction=&#8221;top&#8221; animation_intensity_slide=&#8221;10%&#8221; locked=&#8221;off&#8221; global_colors_info=&#8221;{}&#8221;]<\/p>\n<h1>INSPECTION AUSBILDUNGSKONZEPT<\/h1>\n<p>[\/et_pb_text][et_pb_divider color=&#8221;#00827d&#8221; divider_position=&#8221;center&#8221; divider_weight=&#8221;3px&#8221; disabled_on=&#8221;off|off|off%22&#8243; _builder_version=&#8221;4.16&#8243; max_width=&#8221;150px&#8221; height=&#8221;false&#8221; custom_margin=&#8221;30px|||&#8221; animation_style=&#8221;slide&#8221; animation_direction=&#8221;top&#8221; animation_delay=&#8221;100ms&#8221; animation_intensity_slide=&#8221;10%&#8221; locked=&#8221;off&#8221; global_colors_info=&#8221;{}&#8221;][\/et_pb_divider][et_pb_text _builder_version=&#8221;4.19.5&#8243; text_font=&#8221;||||||||&#8221; text_font_size=&#8221;19px&#8221; header_font=&#8221;||||||||&#8221; custom_padding=&#8221;||0px|||&#8221; text_text_align=&#8221;left&#8221; global_colors_info=&#8221;{}&#8221;]<\/p>\n<div class=\"et_pb_module et_pb_text et_pb_text_1  et_pb_text_align_left et_pb_bg_layout_light\">\n<div class=\"et_pb_text_inner\">\n<p>Mit dem INSPECTION Ausbildungskonzept hat die IAPA ein Fortbildungsangebot f\u00fcr Seilgarten-Inspektoren entwickelt, das an die spezifischen Bed\u00fcrfnisse angepasst ist und die grundlegenden seilgartenpezifischen Inspektionsthemen und deren Herausforderungen abbildet.<\/p>\n<p>Die IAPA INSPECTION bietet Inspektoren, ungeachtet ihrer Verbandszugeho\u0308rigkeit, die Plattform fu\u0308r einen Erfahrungsaustausch untereinander.<\/p>\n<\/div>\n<\/div>\n<p>[\/et_pb_text][et_pb_divider color=&#8221;#00827d&#8221; divider_position=&#8221;center&#8221; divider_weight=&#8221;3px&#8221; disabled_on=&#8221;off|off|off%22&#8243; _builder_version=&#8221;4.16&#8243; max_width=&#8221;150px&#8221; height=&#8221;false&#8221; custom_margin=&#8221;30px|||&#8221; animation_style=&#8221;slide&#8221; animation_direction=&#8221;top&#8221; animation_delay=&#8221;100ms&#8221; animation_intensity_slide=&#8221;10%&#8221; locked=&#8221;off&#8221; global_colors_info=&#8221;{}&#8221;][\/et_pb_divider][et_pb_text _builder_version=&#8221;4.19.5&#8243; _module_preset=&#8221;default&#8221; text_font_size=&#8221;19px&#8221; global_colors_info=&#8221;{}&#8221;]<\/p>\n<div class=\"et_pb_module et_pb_text et_pb_text_2  et_pb_text_align_left et_pb_bg_layout_light\">\n<div class=\"et_pb_text_inner\">\n<p>Mit der PSA-SACHKUNDE nach dem DGUV Grundsatz 312-906 werden die notwendigen Kenntnisse vermittelt, um den arbeitssicheren Zustand und die sachgerechte Anwendung von PSAgA beurteilen zu k\u00f6nnen.<\/p>\n<p>Das zweit\u00e4gige &#8220;DRAHTSEILSACHKUNDE-SEMINAR&#8221; vermittelt praxisnah die wichtigsten Grundlagen sowie Fehlerbilder und Ablegekriterien von Stahlseilen und Stahlseilendverbindungen.<\/p>\n<p>H\u00e4ufig werden bei der Errichtung von Seilg\u00e4rten, Elemente aus dem Bereich der Lastaufnahmeeinrichtungen wie beispielsweise Schwerlastschlingen, Ketten oder Sch\u00e4kel verwendet. Die zweit\u00e4gige &#8220;SACHKUNDE F\u00dcR DIE PR\u00dcFUNG VON LASTAUFNAHMEEINRICHTUNGEN&#8221; (LAM)&#8221; konzentriert sich auf die Pr\u00fcfung eben dieser.<\/p>\n<p>Mit der Ausbildung zum &#8220;IAPA INSPEKTOR F\u00dcR REGELM\u00c4\u00dfIG WIEDERKEHRENDE INSPEKTIONEN&#8221; bietet die IAPA \u00a0eine hochspezialisierte 5-t\u00e4gige Ausbildung an, die zuk\u00fcnftigen Inspektoren die Tiefe des Inspektions-Themas in all seinen Facetten und Unwegsamkeiten \u00fcbermittelt.<\/p>\n<p>F\u00fcr den offen Wissensaustausch unter Seilgarten-Inspektoren bietet die IAPA j\u00e4hrlich einen &#8220;OFFENEN INSPEKTORENTAG&#8221; an, um allen Inspektoren, unabh\u00e4ngig ihrer Vebandszugeh\u00f6rigkeit, eine gemeinsame Plattform f\u00fcr Diskussionen und Erfahrunsaustausch zu bieten.<\/p>\n<\/div>\n<\/div>\n<p>[\/et_pb_text][\/et_pb_column][\/et_pb_row][et_pb_row column_structure=&#8221;2_3,1_3&#8243; _builder_version=&#8221;4.16&#8243; global_colors_info=&#8221;{}&#8221;][et_pb_column type=&#8221;2_3&#8243; _builder_version=&#8221;4.16&#8243; global_colors_info=&#8221;{}&#8221;][et_pb_button button_url=&#8221;\/training\/ausbildungstermine\/&#8221; url_new_window=&#8221;on&#8221; button_text=&#8221;HIER GEHT ES ZU DEN IAPA AUSBILDUNGSTERMINEN&#8221; button_alignment=&#8221;left&#8221; _builder_version=&#8221;4.16&#8243; custom_button=&#8221;on&#8221; button_text_size=&#8221;19px&#8221; button_text_color=&#8221;#ffffff&#8221; button_bg_color=&#8221;#00827d&#8221; button_border_width=&#8221;0px&#8221; button_font=&#8221;||||||||&#8221; button_icon=&#8221;&#x24;||divi||400&#8243; button_icon_color=&#8221;#ffffff&#8221; button_on_hover=&#8221;off&#8221; global_colors_info=&#8221;{}&#8221;][\/et_pb_button][\/et_pb_column][et_pb_column type=&#8221;1_3&#8243; _builder_version=&#8221;4.16&#8243; global_colors_info=&#8221;{}&#8221;][\/et_pb_column][\/et_pb_row][\/et_pb_section]<\/p>\n","protected":false},"excerpt":{"rendered":"<p>INSPECTION AUSBILDUNGSKONZEPT Mit dem INSPECTION Ausbildungskonzept hat die IAPA ein Fortbildungsangebot f\u00fcr Seilgarten-Inspektoren entwickelt, das an die spezifischen Bed\u00fcrfnisse angepasst ist und die grundlegenden seilgartenpezifischen Inspektionsthemen und deren Herausforderungen abbildet. Die IAPA INSPECTION bietet Inspektoren, ungeachtet ihrer Verbandszugeho\u0308rigkeit, die Plattform fu\u0308r einen Erfahrungsaustausch untereinander. Mit der PSA-SACHKUNDE nach dem DGUV Grundsatz 312-906 werden die notwendigen [&hellip;]<\/p>\n","protected":false},"author":119,"featured_media":0,"parent":1916,"menu_order":0,"comment_status":"closed","ping_status":"closed","template":"","meta":{"_et_pb_use_builder":"on","_et_pb_old_content":"","_et_gb_content_width":"","footnotes":""},"class_list":["post-7474","page","type-page","status-publish","hentry"],"_links":{"self":[{"href":"https:\/\/iapa.cc\/en\/wp-json\/wp\/v2\/pages\/7474","targetHints":{"allow":["GET"]}}],"collection":[{"href":"https:\/\/iapa.cc\/en\/wp-json\/wp\/v2\/pages"}],"about":[{"href":"https:\/\/iapa.cc\/en\/wp-json\/wp\/v2\/types\/page"}],"author":[{"embeddable":true,"href":"https:\/\/iapa.cc\/en\/wp-json\/wp\/v2\/users\/119"}],"replies":[{"embeddable":true,"href":"https:\/\/iapa.cc\/en\/wp-json\/wp\/v2\/comments?post=7474"}],"version-history":[{"count":8,"href":"https:\/\/iapa.cc\/en\/wp-json\/wp\/v2\/pages\/7474\/revisions"}],"predecessor-version":[{"id":9894,"href":"https:\/\/iapa.cc\/en\/wp-json\/wp\/v2\/pages\/7474\/revisions\/9894"}],"up":[{"embeddable":true,"href":"https:\/\/iapa.cc\/en\/wp-json\/wp\/v2\/pages\/1916"}],"wp:attachment":[{"href":"https:\/\/iapa.cc\/en\/wp-json\/wp\/v2\/media?parent=7474"}],"curies":[{"name":"wp","href":"https:\/\/api.w.org\/{rel}","templated":true}]}}